{"id":17,"date":"2015-07-14T10:40:08","date_gmt":"2015-07-14T10:40:08","guid":{"rendered":"http:\/\/hdaf.ffri.hr\/?page_id=17"},"modified":"2024-02-15T15:03:09","modified_gmt":"2024-02-15T15:03:09","slug":"steering-committee","status":"publish","type":"page","link":"https:\/\/hdaf.ffri.hr\/?page_id=17","title":{"rendered":"Steering committee"},"content":{"rendered":"<h5>President<\/h5>\n<p><a href=\"https:\/\/portal.uniri.hr\/portfelj\/2388\">Marko Jurjako<\/a><\/p>\n<p><strong>Address<\/strong>: Faculty of Humanities and Social Sciences (University of Rijeka), Sveucilisna avenija 4, 51000 Rijeka, Croatia<br \/>\n<strong>E-mail<\/strong>: mjurjako@ffri.uniri.hr<\/p>\n<hr>\n<h5>Vicepresident<\/h5>\n<p><a href=\"https:\/\/portal.uniri.hr\/portfelj\/2773\">Ivan Cerovac<\/a><\/p>\n<p><strong>Address<\/strong>: Faculty of Humanities and Social Sciences (University of Rijeka), Sveucilisna avenija 4, 51000 Rijeka, Croatia<\/p>\n<hr>\n<h5>Secretary<\/h5>\n<hr>\n<p>Ema Luna Lali\u0107<\/p>\n<p><strong>Address<\/strong>: Faculty of Humanities and Social Sciences (University of Rijeka), Sveu\u010dili\u0161na avenija 4, 51000 Rijeka, Croatia<\/p>\n<hr>\n<h5>Steering Committee Members:<\/h5>\n<p>Zdenka Brzovi\u0107<\/p>\n<p><strong>Address<\/strong>: Faculty of Humanities and Social Sciences (University of Rijeka), Sveu\u010dili\u0161na avenija 4, 51000 Rijeka, Croatia<\/p>\n<p>Ana Gavran Milo\u0161<\/p>\n<p><strong>Address<\/strong>: Faculty of Humanities and Social Sciences (University of Rijeka), Sveu\u010dili\u0161na avenija 4, 51000 Rijeka, Croatia<\/p>\n<hr>\n<p><strong><a href=\"https:\/\/hdaf.ffri.hr\/?page_id=1945\">Past Steering committees<\/a><\/strong><\/p>\n","protected":false},"excerpt":{"rendered":"<p>President Marko Jurjako Address: Faculty of Humanities and Social Sciences (University of Rijeka), Sveucilisna avenija 4, 51000 Rijeka, Croatia E-mail: mjurjako@ffri.uniri.hr Vicepresident Ivan Cerovac Address: Faculty of Humanities and Social Sciences (University of Rijeka), Sveucilisna avenija 4, 51000 Rijeka, Croatia Secretary Ema Luna Lali\u0107 Address: Faculty of Humanities and Social Sciences (University of Rijeka), Sveu\u010dili\u0161na avenija 4, 51000 Rijeka, Croatia<\/p>\n","protected":false},"author":2,"featured_media":0,"parent":0,"menu_order":2,"comment_status":"open","ping_status":"open","template":"","meta":{"_exactmetrics_skip_tracking":false,"_exactmetrics_sitenote_active":false,"_exactmetrics_sitenote_note":"","_exactmetrics_sitenote_category":0,"footnotes":""},"class_list":["post-17","page","type-page","status-publish","hentry"],"_links":{"self":[{"href":"https:\/\/hdaf.ffri.hr\/index.php?rest_route=\/wp\/v2\/pages\/17","targetHints":{"allow":["GET"]}}],"collection":[{"href":"https:\/\/hdaf.ffri.hr\/index.php?rest_route=\/wp\/v2\/pages"}],"about":[{"href":"https:\/\/hdaf.ffri.hr\/index.php?rest_route=\/wp\/v2\/types\/page"}],"author":[{"embeddable":true,"href":"https:\/\/hdaf.ffri.hr\/index.php?rest_route=\/wp\/v2\/users\/2"}],"replies":[{"embeddable":true,"href":"https:\/\/hdaf.ffri.hr\/index.php?rest_route=%2Fwp%2Fv2%2Fcomments&post=17"}],"version-history":[{"count":62,"href":"https:\/\/hdaf.ffri.hr\/index.php?rest_route=\/wp\/v2\/pages\/17\/revisions"}],"predecessor-version":[{"id":1948,"href":"https:\/\/hdaf.ffri.hr\/index.php?rest_route=\/wp\/v2\/pages\/17\/revisions\/1948"}],"wp:attachment":[{"href":"https:\/\/hdaf.ffri.hr\/index.php?rest_route=%2Fwp%2Fv2%2Fmedia&parent=17"}],"curies":[{"name":"wp","href":"https:\/\/api.w.org\/{rel}","templated":true}]}}