{"id":61,"date":"2015-07-23T09:58:10","date_gmt":"2015-07-23T09:58:10","guid":{"rendered":"http:\/\/hdaf.ffri.hr\/?page_id=61"},"modified":"2018-12-06T17:13:55","modified_gmt":"2018-12-06T17:13:55","slug":"book-presentations","status":"publish","type":"page","link":"https:\/\/hdaf.ffri.hr\/?page_id=61","title":{"rendered":"Book presentations"},"content":{"rendered":"<p><strong>15.11.2018.<\/strong> <a href=\"http:\/\/naklada-lara.com\/hr\/vojko-strahovnik-moralna-teorija\/\">Moralna teorija: o prirodi moralnosti<\/a>. Naklada Lara, Zagreb, 2018.<br \/>\nSpeakers: Vojko Strahovnik (University of Ljubljana), Elvio Baccarini (University of Rijeka), and Boran Ber\u010di\u0107 (University of Rijeka), Venue: Ex Libris, Riva boduli 3b, 51000 Rijeka.<\/p>\n<hr \/>\n<p><strong>1.2.2018.<\/strong><a href=\"https:\/\/www.ibis-grafika.hr\/shop\/proizvod\/prema-dualizmu-ogledi-iz-filozofije-uma\/\"> Prema dualizmu \u2013 Ogledi iz filozofije uma<\/a> Ibis grafika, Zagreb.<br \/>\nSpeakers: Boran Ber\u010di\u0107 i Nenad Smokrovi\u0107, Venue: Ex Libris, Riva boduli 3b, 51000 Rijeka<\/p>\n<hr \/>\n<p><strong>30.11.2017.<\/strong> Speakers: prof. Filip Grgi\u0107, (Institute of philosophy, Zagreb), dr. sc. Du\u0161an Do\u017eudi\u0107, reviewer (Institute of philosophy, Zagreb), prof. Boran Ber\u010di\u0107, editor and an author (University of Rijeka)<br \/>\nVenue: library Bogdan Ogrizovi\u0107 Preradovi\u0107eva 5, 10000 Zagreb<\/p>\n<hr \/>\n<p><strong>6.4.2016.<\/strong> <a href=\"https:\/\/hdaf.ffri.hr\/?p=572\">Promotion of the book &#8220;Science and method&#8221;<\/a> by Nenad Smokrovi\u0107<\/p>\n<p>Speakers: Boran Ber\u010di\u0107 (Faculty of Humanities and Social Sciences in Rijeka) and Nenad Mi\u0161\u010devi\u0107 (Univerza v Mariboru, Central European University)<br \/>\nVenue: Antikvarijat Ex Libris, Riva Boduli 3b, 51000 Rijeka<\/p>\n<hr \/>\n<p><strong>11.10.2016.<\/strong> <a href=\"https:\/\/hdaf.ffri.hr\/wp-content\/uploads\/2016\/10\/2016-10-11-Poziv.pdf\">Promotion of the book<\/a> &#8220;<a href=\"http:\/\/mpeodd.uniri.hr\/wp-content\/uploads\/2016\/06\/2016-06-29-Moralni-politi%C4%8Dki-i-epistemolo%C5%A1ki-odgovori-na-dru%C5%A1tvene-devijacije.pdf\">Moralni, politi\u010dki i epistemolo\u0161ki odgovori na dru\u0161tvene devijacije<\/a>&#8220;. Editors: S. Priji\u0107-Samar\u017eija, Luca Malatesti, and Elvio Baccarini.<\/p>\n<p>Speakers: Elvio Baccarini, Marko Jurjako, Luca Malatesti, Snje\u017eana Priji\u0107-Samar\u017eija, and Neboj\u0161a Zeli\u0107<br \/>\nVenue: Faculty of Humanities and Social Sciences in Rijeka, Sveu\u010dili\u0161na avenija 4, 51000 Rijeka<\/p>\n<hr \/>\n<p><strong>12.11.2015.<\/strong> Promotion of the book &#8221;<a href=\"https:\/\/hdaf.ffri.hr\/?p=167\">Knowledge and Epistemic Justification<\/a>&#8221; by Zvonimir \u010culjak.<\/p>\n<p>Speakers: Zvonimir \u010culjak, Boran Ber\u010di\u0107, Snje\u017eana Priji\u0107-Samar\u017eija<br \/>\nVenue: Faculty of Humanities and Social Sciences in Rijeka, Sveu\u010dili\u0161na avenija 4, 51000 Rijeka.<\/p>\n<hr \/>\n<p><strong>22.10.2015.<\/strong> Promotion of the book &#8221;<a href=\"http:\/\/identitet.ffri.hr\/?page_id=97\">Smrt (Death)<\/a>&#8221; by Marin Biondi\u0107.<\/p>\n<p>Speakers: Marin Biondi\u0107, Nenad Smokrovi\u0107 and Boran Ber\u010di\u0107.<br \/>\nVenue: Bookstore &#8221;Ex Libris&#8221;, Riva Boduli 3B, 51000 Rijeka, Croatia<\/p>\n<hr \/>\n<p><strong>23.09.2015<\/strong>. Promotion of the <a href=\"http:\/\/identitet.ffri.hr\/wp-content\/uploads\/2015\/09\/a6e12f78-6657-4f70-aecd-a4eeb6876351.jpg\">book &#8221;Smrt&#8221; (&#8221;Death&#8221;) <\/a>by Marin Biondi\u0107<br \/>\nSpeakers: Boran Ber\u010di\u0107, Tomislav Janovi\u0107 and Marin Biondi\u0107.<br \/>\nVenue: Library &#8221;Bogdan Ogrizovi\u0107&#8221;, Preradovi\u0107eva 5, 10000 Zagreb, Croatia<\/p>\n<hr \/>\n","protected":false},"excerpt":{"rendered":"<p>15.11.2018. Moralna teorija: o prirodi moralnosti. Naklada Lara, Zagreb, 2018. Speakers: Vojko Strahovnik (University of Ljubljana), Elvio Baccarini (University of Rijeka), and Boran Ber\u010di\u0107 (University of Rijeka), Venue: Ex Libris, Riva boduli 3b, 51000 Rijeka. 1.2.2018. Prema dualizmu \u2013 Ogledi iz filozofije uma Ibis grafika, Zagreb. Speakers: Boran Ber\u010di\u0107 i Nenad Smokrovi\u0107, Venue: Ex Libris, Riva boduli 3b, 51000 Rijeka<\/p>\n","protected":false},"author":2,"featured_media":0,"parent":39,"menu_order":0,"comment_status":"open","ping_status":"open","template":"","meta":{"_exactmetrics_skip_tracking":false,"_exactmetrics_sitenote_active":false,"_exactmetrics_sitenote_note":"","_exactmetrics_sitenote_category":0,"footnotes":""},"class_list":["post-61","page","type-page","status-publish","hentry"],"_links":{"self":[{"href":"https:\/\/hdaf.ffri.hr\/index.php?rest_route=\/wp\/v2\/pages\/61","targetHints":{"allow":["GET"]}}],"collection":[{"href":"https:\/\/hdaf.ffri.hr\/index.php?rest_route=\/wp\/v2\/pages"}],"about":[{"href":"https:\/\/hdaf.ffri.hr\/index.php?rest_route=\/wp\/v2\/types\/page"}],"author":[{"embeddable":true,"href":"https:\/\/hdaf.ffri.hr\/index.php?rest_route=\/wp\/v2\/users\/2"}],"replies":[{"embeddable":true,"href":"https:\/\/hdaf.ffri.hr\/index.php?rest_route=%2Fwp%2Fv2%2Fcomments&post=61"}],"version-history":[{"count":22,"href":"https:\/\/hdaf.ffri.hr\/index.php?rest_route=\/wp\/v2\/pages\/61\/revisions"}],"predecessor-version":[{"id":1240,"href":"https:\/\/hdaf.ffri.hr\/index.php?rest_route=\/wp\/v2\/pages\/61\/revisions\/1240"}],"up":[{"embeddable":true,"href":"https:\/\/hdaf.ffri.hr\/index.php?rest_route=\/wp\/v2\/pages\/39"}],"wp:attachment":[{"href":"https:\/\/hdaf.ffri.hr\/index.php?rest_route=%2Fwp%2Fv2%2Fmedia&parent=61"}],"curies":[{"name":"wp","href":"https:\/\/api.w.org\/{rel}","templated":true}]}}