{"id":63,"date":"2015-07-23T09:58:30","date_gmt":"2015-07-23T09:58:30","guid":{"rendered":"http:\/\/hdaf.ffri.hr\/?page_id=63"},"modified":"2019-03-19T14:23:47","modified_gmt":"2019-03-19T14:23:47","slug":"lectures","status":"publish","type":"page","link":"https:\/\/hdaf.ffri.hr\/?page_id=63","title":{"rendered":"Lectures"},"content":{"rendered":"<hr \/>\n<p><strong>24.04.2019.<\/strong> <a href=\"https:\/\/grk2073.org\/members\/daria-jadreskic\/\">Daria Jadre\u0161ki\u0107<\/a> (Leibniz Universit\u00e4t Hannover) &#8211; &#8220;Goal Setting, Speed, and Methodological Trade-offs in Gravitational Wave Physics&#8221;<\/p>\n<hr \/>\n<p><strong>29.11.2018.<\/strong> <a href=\"https:\/\/philosophie-gewi.uni-graz.at\/en\/theoretical-philosophy\/team\/martina-fuerst\/\">Martina F\u00fcrst<\/a> (University of Graz) &#8211; &#8220;PERCEPTUAL EXPERIENCES, STEREOTYPES, AND LOSS OF JUSTIFICATION&#8221;<\/p>\n<hr \/>\n<p><strong>29.11.2018.<\/strong> <a href=\"https:\/\/philosophie-gewi.uni-graz.at\/en\/theoretical-philosophy\/team\/guido-melchior\/\">Guido Melchior<\/a> (University of Graz) &#8211; &#8220;BOOTSTRAPPING AND PERSUASIVE ARGUMENTATION&#8221;<\/p>\n<hr \/>\n<p><strong>20.2.2018.<\/strong><a href=\"https:\/\/portal.uniri.hr\/Portfelj\/728\"> Predrag Dominis Prester<\/a> (Department of physics, University of Rijeka) &#8211; &#8220;Space-time and causality&#8221;<\/p>\n<hr \/>\n<p><strong>12.10.2017. <\/strong> <a href=\"http:\/\/noviweb.ifzg.hr\/staff\/grgic-cv\/\">Filip Grgi\u0107<\/a> (Institute of Philosophy in Zagreb) &#8211; &#8220;Deliberation, Investigation, and the Assumption of Openness&#8221;<\/p>\n<hr \/>\n<p><strong>27.9.2017. <\/strong> <a href=\"https:\/\/philpapers.org\/asearch.pl?sort=added&amp;sqc=&amp;filterByAreas=&amp;proOnly=on&amp;categorizerOn=&amp;publishedOnly=&amp;filterMode=authors&amp;freeOnly=&amp;showCategories=on&amp;year=&amp;onlineOnly=&amp;newWindow=on&amp;searchStr=Mutanen%2C+Arto&amp;langFilter=&amp;hideAbstracts=&amp;format=html&amp;start=&amp;limit=&amp;jlist=&amp;ap_c1=&amp;ap_c2=\">Arto Mutanen<\/a> (National Defence University, Helsinki, Finland) &#8211; <a href=\"https:\/\/hdaf.ffri.hr\/wp-content\/uploads\/2017\/09\/Poziv-A.Mutanen-27.9.17.pdf\">Philosophy of War<\/a><\/p>\n<hr \/>\n<p><strong>8.6.2017.<\/strong><a href=\"https:\/\/hdaf.ffri.hr\/wp-content\/uploads\/2017\/06\/HDAFJun2017_AbstractShortBio_v1.pdf\"> Katja D\u017eepina <\/a>(University of Rijeka) &#8211; Inequality in air quality.<\/p>\n<hr \/>\n<p><strong>25.4.2017. <\/strong><a href=\"https:\/\/www.researchgate.net\/profile\/Emiliano_Loria\">Emiliano Loria<\/a> (Universit\u00e0 degli Studi di Torino) &#8211; &#8220;The Origin of the Teleological Reasoning&#8221;<\/p>\n<hr \/>\n<p><strong>12.4.2017. <\/strong><a href=\"https:\/\/www.researchgate.net\/profile\/Marco_Viola\">Marco Viola<\/a> (Center for Neurocognition and Theoretical Syntax, Istituto Universitario di Studi Superiori di Pavia) &#8211; &#8220;<a href=\"https:\/\/hdaf.ffri.hr\/wp-content\/uploads\/2017\/03\/Poziv-M.-Viola-12.4.17.pdf\">Saving one-to-one mapping in Cognitive Neuroscience: the problem of Multiple Realization<\/a>&#8221;<\/p>\n<hr \/>\n<p><strong>28.2.2017.<\/strong> <a href=\"http:\/\/ri-kbf.org\/prof-sasa-horvat-kratka-biografija\/\">Sa\u0161a Horvat<\/a> (Faculty of Theology in Rijeka) &#8211; &#8220;On the self and consciousness: phenomenological and neuroscientific approaches&#8221;<\/p>\n<hr \/>\n<p><strong>15.12.2016.<\/strong> Goran Karda\u0161 (Sveu\u010dili\u0161te u Zagrebu) &#8211; <a href=\"https:\/\/hdaf.ffri.hr\/wp-content\/uploads\/2016\/12\/Poziv-G.Karda%C5%A1-13.-14.12.16.pdf\">Language and epistemology in Indian philosophy<\/a><\/p>\n<hr \/>\n<p><strong>14.12.2016.<\/strong> Goran Karda\u0161 (Sveu\u010dili\u0161te u Zagrebu) &#8211; <a href=\"https:\/\/hdaf.ffri.hr\/wp-content\/uploads\/2016\/12\/Poziv-G.Karda%C5%A1-13.-14.12.16.pdf\">The problem of meaning in Indian philosophy<\/a><\/p>\n<hr \/>\n<p><strong>04.10.2016.<\/strong> Arto Mutanen (National Defence University, Helsinki, Finland) &#8211; <a href=\"http:\/\/www.ffri.uniri.hr\/files\/vijesti\/2016-2017\/Poziv-A_Mutanen_4_10_16.pdf\">About Personal Identity<\/a><\/p>\n<hr \/>\n<p><strong>03.10.2016. <\/strong>Arto Mutanen (National Defence University, Helsinki, Finland) &#8211; <a href=\"http:\/\/www.ffri.uniri.hr\/files\/vijesti\/2016-2017\/Poziv-A_Mutanen_3_10_16.pdf\">Some Problems of Identity<\/a><\/p>\n<hr \/>\n<p><strong>28.6.2016.<\/strong> <a href=\"http:\/\/www.bioethics.uniongraduatecollege.edu\/about\/faculty\/15\/Nada-Gligorov-PhD\">Nada Gligorov<\/a> (Ichan School at Mount Sinai, New York) &#8211; <a href=\"http:\/\/identitet.ffri.hr\/wp-content\/uploads\/2016\/06\/poziv-nada-gligorov1.pdf\">Personal Identity and Memory modification<\/a><\/p>\n<hr \/>\n<p><strong>02.06.2016.<\/strong> <a href=\"http:\/\/www.kli.ac.at\/people\/fellow-detail\/fc31a5e1\/james-difrisco\">James DiFrisco<\/a> (KLI, Klosterneubrug, Austria) &#8211; <a href=\"http:\/\/identitet.ffri.hr\/wp-content\/uploads\/2016\/05\/Poziv-DiFrisco-2.6.16..pdf\">Kinds of Biological Individuals: Projectibility, Analogy, and Selection<\/a><\/p>\n<hr \/>\n<p><strong>29.07.2015.<\/strong><a href=\"http:\/\/www.personal.ceu.hu\/staff\/Nenad_Miscevic\/\"> Nenad Mi\u0161\u010devi\u0107<\/a> (University of Maribor, Central European University in Budapest) &#8211; <em><a href=\"https:\/\/hdaf.ffri.hr\/wp-content\/uploads\/2015\/07\/2015-07-29-Definicije-nacija.pdf\">Definitions of nations<\/a><\/em><\/p>\n","protected":false},"excerpt":{"rendered":"<p>24.04.2019. Daria Jadre\u0161ki\u0107 (Leibniz Universit\u00e4t Hannover) &#8211; &#8220;Goal Setting, Speed, and Methodological Trade-offs in Gravitational Wave Physics&#8221; 29.11.2018. Martina F\u00fcrst (University of Graz) &#8211; &#8220;PERCEPTUAL EXPERIENCES, STEREOTYPES, AND LOSS OF JUSTIFICATION&#8221; 29.11.2018. Guido Melchior (University of Graz) &#8211; &#8220;BOOTSTRAPPING AND PERSUASIVE ARGUMENTATION&#8221; 20.2.2018. Predrag Dominis Prester (Department of physics, University of Rijeka) &#8211; &#8220;Space-time and causality&#8221; 12.10.2017. Filip Grgi\u0107 (Institute<\/p>\n","protected":false},"author":2,"featured_media":0,"parent":39,"menu_order":0,"comment_status":"open","ping_status":"open","template":"","meta":{"_exactmetrics_skip_tracking":false,"_exactmetrics_sitenote_active":false,"_exactmetrics_sitenote_note":"","_exactmetrics_sitenote_category":0,"footnotes":""},"class_list":["post-63","page","type-page","status-publish","hentry"],"_links":{"self":[{"href":"https:\/\/hdaf.ffri.hr\/index.php?rest_route=\/wp\/v2\/pages\/63","targetHints":{"allow":["GET"]}}],"collection":[{"href":"https:\/\/hdaf.ffri.hr\/index.php?rest_route=\/wp\/v2\/pages"}],"about":[{"href":"https:\/\/hdaf.ffri.hr\/index.php?rest_route=\/wp\/v2\/types\/page"}],"author":[{"embeddable":true,"href":"https:\/\/hdaf.ffri.hr\/index.php?rest_route=\/wp\/v2\/users\/2"}],"replies":[{"embeddable":true,"href":"https:\/\/hdaf.ffri.hr\/index.php?rest_route=%2Fwp%2Fv2%2Fcomments&post=63"}],"version-history":[{"count":37,"href":"https:\/\/hdaf.ffri.hr\/index.php?rest_route=\/wp\/v2\/pages\/63\/revisions"}],"predecessor-version":[{"id":1324,"href":"https:\/\/hdaf.ffri.hr\/index.php?rest_route=\/wp\/v2\/pages\/63\/revisions\/1324"}],"up":[{"embeddable":true,"href":"https:\/\/hdaf.ffri.hr\/index.php?rest_route=\/wp\/v2\/pages\/39"}],"wp:attachment":[{"href":"https:\/\/hdaf.ffri.hr\/index.php?rest_route=%2Fwp%2Fv2%2Fmedia&parent=63"}],"curies":[{"name":"wp","href":"https:\/\/api.w.org\/{rel}","templated":true}]}}